{"id":264,"date":"2021-04-11T10:16:18","date_gmt":"2021-04-11T08:16:18","guid":{"rendered":"https:\/\/gs-herbertshofen.de\/wp\/?page_id=264"},"modified":"2023-10-29T14:56:06","modified_gmt":"2023-10-29T12:56:06","slug":"nutzungsordnung-fuer-tablets-und-laptops","status":"publish","type":"page","link":"https:\/\/gs-herbertshofen.de\/wp\/?page_id=264","title":{"rendered":"Nutzungsordnung f\u00fcr Tablets und Laptops"},"content":{"rendered":"\n<p><strong>Nutzungsordnung<a href=\"#_ftn1\"><strong>[1]<\/strong><\/a> der EDV-Einrichtung und des Internets<\/strong><\/p>\n\n\n\n<p><strong>&nbsp;f\u00fcr Sch\u00fcler\/innen an der GS Herbertshofen<\/strong><\/p>\n\n\n\n<ol class=\"wp-block-list\" type=\"1\">\n<li><strong>Allgemeines<\/strong><\/li>\n<\/ol>\n\n\n\n<p>Die EDV-Einrichtung der Schule und das Internet werden als Lehr- und Lernmittel genutzt. Die Nutzungsordnung ist Teil der Hausordnung.<\/p>\n\n\n\n<ul class=\"wp-block-list\">\n<li><strong>Nutzungsregeln<\/strong><\/li>\n<\/ul>\n\n\n\n<p><strong>2.1 Verhalten im Computerraum sowie am PC \/ Tablet im Klassenzimmer<\/strong><\/p>\n\n\n\n<ul class=\"wp-block-list\">\n<li>Zum Schutz der elektronischen Ger\u00e4te ist w\u00e4hrend der Nutzung das Essen und Trinken verboten.<\/li>\n\n\n\n<li>Die Bedienung der Hard- und Software hat entsprechend den Instruktionen der aufsichtf\u00fchrenden Person zu erfolgen.<\/li>\n\n\n\n<li>St\u00f6rungen oder Sch\u00e4den sind sofort der aufsichtf\u00fchrenden Person zu melden. Wer schuldhaft Sch\u00e4den verursacht, hat diese zu ersetzen.<\/li>\n<\/ul>\n\n\n\n<p><strong>2.2 Nutzungsverhalten vor und nach dem Gebrauch<\/strong><\/p>\n\n\n\n<ul class=\"wp-block-list\">\n<li>Computer und Tablets d\u00fcrfen nur nach Anweisung \/ Erlaubnis der aufsichtf\u00fchrenden Person angeschaltet werden.<\/li>\n\n\n\n<li>Anmeldevorgang: Die Nutzung der Computer und des Internets erfolgt ohne individuelle Authentifizierung \u00fcber den Sch\u00fcler-Account. Andere Personen verwenden grunds\u00e4tzlich ihre pers\u00f6nliche Nutzerkennung \u00fcber den Lehrer-Account.<\/li>\n\n\n\n<li>Nach Beendigung der Nutzung schlie\u00dfen die Sch\u00fcler\/innen in der Regel alle Programme und schalten das Tablet aus bzw. fahren den Computer herunter.<\/li>\n<\/ul>\n\n\n\n<p><strong>2.3 Nutzungsverhalten w\u00e4hrend des Gebrauchs<\/strong><\/p>\n\n\n\n<ul class=\"wp-block-list\">\n<li>Den Anweisungen der aufsichtf\u00fchrenden Person ist Folge zu leisten.<\/li>\n\n\n\n<li>Es werden nur die von der aufsichtf\u00fchrenden Person angegebenen Programme aufgerufen und in der vorgegebenen Weise genutzt. Das Aufrufen anderer Programme ist untersagt.<\/li>\n<\/ul>\n\n\n\n<p><strong>2.4 Verbot des Eingriffs in die Hard- und Softwareinstallation<\/strong><\/p>\n\n\n\n<ul class=\"wp-block-list\">\n<li>Ver\u00e4nderungen der Installation und Konfiguration der Arbeitsstationen und des Netzwerks sowie Manipulation an der Hardwareausstattung sind grunds\u00e4tzlich untersagt.<\/li>\n<\/ul>\n\n\n\n<p><strong>2.5 Verbotene Nutzungen<\/strong><\/p>\n\n\n\n<ul class=\"wp-block-list\">\n<li>Die gesetzlichen Bestimmungen, insbesondere des Strafrechts, des Urheberrechts und des Jugendschutzrechts, sind zu beachten. Es ist verboten, pornographische, gewaltverherrlichende oder rassistische Inhalte aufzurufen oder zu versenden. Werden solche Inhalte versehentlich aufgerufen, ist die Anwendung zu schlie\u00dfen und der Aufsichtsperson Mitteilung zu machen.<\/li>\n<\/ul>\n\n\n\n<p><strong>2.6 Datenschutz und Datensicherheit<\/strong><\/p>\n\n\n\n<ul class=\"wp-block-list\">\n<li>Dateien werden nur nach Anweisung der aufsichtf\u00fchrenden Person gespeichert oder gel\u00f6scht.<\/li>\n\n\n\n<li>Sch\u00fcler\/innen ist es untersagt, Speichermedien (z.B. USB-Sticks) im Schulnetzwerk zu verwenden.<\/li>\n\n\n\n<li>Die Schule ist in Wahrnehmung ihrer Aufsichtspflicht berechtigt, den Datenverkehr zu speichern und zu kontrollieren. Diese Daten werden nach einem halben Jahr gel\u00f6scht. Dies gilt nicht, wenn Tatsachen den Verdacht eines schwerwiegenden Missbrauchs begr\u00fcnden. Die Schule wird von ihren Einsichtsrechten nur in F\u00e4llen des Verdachts von Missbrauch und durch verdachtsunabh\u00e4ngige Stichproben Gebrauch machen.<\/li>\n<\/ul>\n\n\n\n<p><strong>2.7 Nutzung von Informationen aus dem Internet<\/strong><\/p>\n\n\n\n<ul class=\"wp-block-list\">\n<li>Die Nutzung der EDV-Einrichtung und des Internets ist nur zu unterrichtlichen Zwecken zul\u00e4ssig. Das Herunterladen von Anwendungen ist nur mit Einwilligung der Schule zul\u00e4ssig. Die Schule ist nicht f\u00fcr den Inhalt der \u00fcber ihren Zugang abrufbaren Angebote Dritter im Internet verantwortlich. Im Namen der Schule d\u00fcrfen weder Vertragsverh\u00e4ltnisse eingegangen noch ohne Erlaubnis kostenpflichtige Dienste im Internet benutzt werden. Beim Herunterladen wie bei der Weiterverarbeitung von Daten aus dem Internet sind insbesondere Urheber- oder Nutzungsrechte zu beachten.<\/li>\n<\/ul>\n\n\n\n<p><strong>2.8 Verbreiten von Informationen im Internet<\/strong><\/p>\n\n\n\n<ul class=\"wp-block-list\">\n<li>Werden Informationen im Internet verbreitet, geschieht das unter Beachtung der allgemein anerkannten Umgangsformen. F\u00fcr fremde Inhalte ist insbesondere das Urheberrecht zu beachten. Ebenfalls zu beachten ist das Recht am eigenen Bild.<\/li>\n\n\n\n<li>Die Sch\u00fcler\/innen werden auf die Gefahren hingewiesen, die mit der Verbreitung pers\u00f6nlicher Daten im Internet einhergehen.<\/li>\n<\/ul>\n\n\n\n<ul class=\"wp-block-list\">\n<li><strong>Erg\u00e4nzende Schlussvorschriften<\/strong><\/li>\n\n\n\n<li>Vor der ersten Nutzung der EDV-Ger\u00e4te sowie des Internets in einem Schuljahr, findet f\u00fcr den Sch\u00fcler \/ die Sch\u00fclerin bzw. die Gruppe eine Nutzerbelehrung statt. Nutzer, die unbefugt Software von den Arbeitsstationen oder aus dem Schulnetz kopieren oder verbotene Inhalte nutzen, k\u00f6nnen, neben dem Entzug der Nutzungsberechtigung, schulordnungsrechtliche Ma\u00dfnahmen zur Folge haben.<\/li>\n<\/ul>\n\n\n\n<p>Mit freundlichen Gr\u00fc\u00dfen<\/p>\n\n\n\n<p>gez. Susanne R\u00e4tzer, Rin<\/p>\n\n\n\n<ul class=\"wp-block-list\">\n<li><strong>Anlage zur Nutzungsordnung der EDV-Einrichtung und des Internets f\u00fcr Sch\u00fcler\/innen<\/strong><\/li>\n<\/ul>\n\n\n\n<p><strong>Erkl\u00e4rung<\/strong><\/p>\n\n\n\n<p>Am _________________________________ wurde ich in die Nutzungsordnung zur Benutzung der EDV-Einrichtung und des Internets an der Grundschule Herbertshofen eingewiesen. Die festgelegten Regeln habe ich zur Kenntnis genommen. Mir ist insbesondere bekannt, dass die Schule den Datenverkehr (Art der Aktivit\u00e4t, Zeitpunkt der Aktivit\u00e4t, Nutzerkennung bzw. Computerkennung) protokollieren darf, durch Stichproben \u00fcberpr\u00fcft und dass die Daten nach einem halben Jahr gel\u00f6scht werden. Mit dem Einsatz technischer Aufsichtsinstrumente (beispielsweise Internetfilter) bin ich einverstanden.<\/p>\n\n\n\n<p>Sollte ich gegen die Nutzungsregeln versto\u00dfen, muss ich gegebenenfalls mit Schulordnungsma\u00dfnahmen rechnen.<\/p>\n\n\n\n<p>________________________________&nbsp;&nbsp;&nbsp;&nbsp;&nbsp;&nbsp;&nbsp;&nbsp;&nbsp;&nbsp;&nbsp;&nbsp;&nbsp;&nbsp;&nbsp;&nbsp;&nbsp;&nbsp;&nbsp;&nbsp; ___________________________________<\/p>\n\n\n\n<p>Name&nbsp;&nbsp;&nbsp;&nbsp;&nbsp;&nbsp;&nbsp;&nbsp;&nbsp;&nbsp;&nbsp;&nbsp;&nbsp;&nbsp;&nbsp;&nbsp;&nbsp;&nbsp;&nbsp;&nbsp;&nbsp;&nbsp;&nbsp;&nbsp;&nbsp;&nbsp;&nbsp;&nbsp;&nbsp;&nbsp;&nbsp;&nbsp;&nbsp;&nbsp;&nbsp;&nbsp;&nbsp;&nbsp;&nbsp;&nbsp;&nbsp;&nbsp;&nbsp;&nbsp;&nbsp;&nbsp;&nbsp;&nbsp;&nbsp;&nbsp;&nbsp;&nbsp;&nbsp;&nbsp;&nbsp;&nbsp;&nbsp;&nbsp;&nbsp;&nbsp;&nbsp;&nbsp;&nbsp;&nbsp;&nbsp;&nbsp;&nbsp;&nbsp;&nbsp;&nbsp;&nbsp;&nbsp;&nbsp;&nbsp;&nbsp;&nbsp;&nbsp;         Unterschrift Sch\u00fcler\/in<\/p>\n\n\n\n<p>________________________________&nbsp;&nbsp;&nbsp;&nbsp;&nbsp;&nbsp;&nbsp;&nbsp;&nbsp;&nbsp;&nbsp;&nbsp;&nbsp;&nbsp;&nbsp;&nbsp;&nbsp;&nbsp;&nbsp;&nbsp; ___________________________________<\/p>\n\n\n\n<p>Ort und Datum&nbsp;&nbsp;&nbsp;&nbsp;&nbsp;&nbsp;&nbsp;&nbsp;&nbsp;&nbsp;&nbsp;&nbsp;&nbsp;&nbsp;&nbsp;&nbsp;&nbsp;&nbsp;&nbsp;&nbsp;&nbsp;&nbsp;&nbsp;&nbsp;&nbsp;&nbsp;&nbsp;&nbsp;&nbsp;&nbsp;&nbsp;&nbsp;&nbsp;&nbsp;&nbsp; &nbsp;&nbsp;&nbsp;&nbsp;&nbsp;&nbsp;&nbsp;&nbsp;&nbsp;&nbsp;&nbsp;&nbsp;&nbsp;&nbsp;&nbsp;&nbsp;&nbsp;&nbsp;&nbsp;&nbsp;&nbsp;&nbsp;&nbsp;&nbsp;&nbsp;      Unterschrift der\/des Erziehungsberechtigten<\/p>\n\n\n\n<hr class=\"wp-block-separator has-css-opacity\"\/>\n\n\n\n<p><a href=\"#_ftnref1\">[1]<\/a> Es handelt sich hierbei um wesentliche Ausz\u00fcge der Nutzungsordnung der Grundschule Herbertshofen in der jeweils g\u00fcltigen Fassung. Diese Nutzungsordnung unterliegt der Bekanntmachung des Bayerischen Staatsministeriums f\u00fcr Unterricht und Kultus vom 12.September 2012&nbsp; Az.: II.7-5 O 4000-6b.122 162<\/p>\n","protected":false},"excerpt":{"rendered":"<p>Nutzungsordnung[1] der EDV-Einrichtung und des Internets &nbsp;f\u00fcr Sch\u00fcler\/innen an der GS Herbertshofen Die EDV-Einrichtung der Schule und das Internet werden als Lehr- und Lernmittel genutzt. Die Nutzungsordnung ist Teil der Hausordnung. 2.1 Verhalten im Computerraum sowie am PC \/ Tablet im Klassenzimmer 2.2 Nutzungsverhalten vor und nach dem Gebrauch 2.3 Nutzungsverhalten w\u00e4hrend des Gebrauchs 2.4 &hellip; <\/p>\n<p class=\"link-more\"><a href=\"https:\/\/gs-herbertshofen.de\/wp\/?page_id=264\" class=\"more-link\"><span class=\"screen-reader-text\">\u201eNutzungsordnung f\u00fcr Tablets und Laptops\u201c<\/span> weiterlesen<\/a><\/p>\n","protected":false},"author":2,"featured_media":0,"parent":0,"menu_order":0,"comment_status":"closed","ping_status":"closed","template":"","meta":{"footnotes":""},"class_list":["post-264","page","type-page","status-publish","hentry"],"_links":{"self":[{"href":"https:\/\/gs-herbertshofen.de\/wp\/index.php?rest_route=\/wp\/v2\/pages\/264","targetHints":{"allow":["GET"]}}],"collection":[{"href":"https:\/\/gs-herbertshofen.de\/wp\/index.php?rest_route=\/wp\/v2\/pages"}],"about":[{"href":"https:\/\/gs-herbertshofen.de\/wp\/index.php?rest_route=\/wp\/v2\/types\/page"}],"author":[{"embeddable":true,"href":"https:\/\/gs-herbertshofen.de\/wp\/index.php?rest_route=\/wp\/v2\/users\/2"}],"replies":[{"embeddable":true,"href":"https:\/\/gs-herbertshofen.de\/wp\/index.php?rest_route=%2Fwp%2Fv2%2Fcomments&post=264"}],"version-history":[{"count":2,"href":"https:\/\/gs-herbertshofen.de\/wp\/index.php?rest_route=\/wp\/v2\/pages\/264\/revisions"}],"predecessor-version":[{"id":982,"href":"https:\/\/gs-herbertshofen.de\/wp\/index.php?rest_route=\/wp\/v2\/pages\/264\/revisions\/982"}],"wp:attachment":[{"href":"https:\/\/gs-herbertshofen.de\/wp\/index.php?rest_route=%2Fwp%2Fv2%2Fmedia&parent=264"}],"curies":[{"name":"wp","href":"https:\/\/api.w.org\/{rel}","templated":true}]}}