{"id":258,"date":"2021-04-11T10:16:18","date_gmt":"2021-04-11T08:16:18","guid":{"rendered":"https:\/\/gs-herbertshofen.de\/wp\/?page_id=258"},"modified":"2023-10-29T14:48:27","modified_gmt":"2023-10-29T12:48:27","slug":"hort-2","status":"publish","type":"page","link":"https:\/\/gs-herbertshofen.de\/wp\/?page_id=258","title":{"rendered":"Hort"},"content":{"rendered":"\n<p class=\"has-text-align-center\"><strong>Hort:<\/strong><\/p>\n\n\n\n<p class=\"has-text-align-center\"><strong>Kontaktdaten:<\/strong><\/p>\n\n\n\n<p class=\"has-text-align-center\">Die Anmeldung erfolgt \u00fcber das <strong>Haus f\u00fcr Kinder Herbertshofen<\/strong>.<\/p>\n\n\n\n<p class=\"has-text-align-center\"><strong>Tr\u00e4ger:<\/strong> Markt Meitingen<\/p>\n\n\n\n<p class=\"has-text-align-center\"><strong>Hausanschrift:<\/strong> Pestalozzistra\u00dfe 1,  86405 Meitingen<\/p>\n\n\n\n<p class=\"has-text-align-center\"><strong>Telefon:  08271 \u2013 3476<\/strong>     <strong>Fax: 08271 \u2013 4201890<\/strong><\/p>\n\n\n\n<p class=\"has-text-align-center\"><strong>\u00d6ffnungszeiten:<\/strong><\/p>\n\n\n\n<p class=\"has-text-align-center\">13:00 Uhr bis 17:00 Uhr<\/p>\n\n\n\n<p class=\"has-text-align-center\">Falls Sie eine Ferienbetreuung ben\u00f6tigen, sollten Sie<\/p>\n\n\n\n<p class=\"has-text-align-center\">diese bei der Anmeldung gleich mitbuchen.<\/p>\n","protected":false},"excerpt":{"rendered":"<p>Hort: Kontaktdaten: Die Anmeldung erfolgt \u00fcber das Haus f\u00fcr Kinder Herbertshofen. Tr\u00e4ger: Markt Meitingen Hausanschrift: Pestalozzistra\u00dfe 1, 86405 Meitingen Telefon: 08271 \u2013 3476 Fax: 08271 \u2013 4201890 \u00d6ffnungszeiten: 13:00 Uhr bis 17:00 Uhr Falls Sie eine Ferienbetreuung ben\u00f6tigen, sollten Sie diese bei der Anmeldung gleich mitbuchen.<\/p>\n","protected":false},"author":2,"featured_media":0,"parent":0,"menu_order":0,"comment_status":"closed","ping_status":"closed","template":"","meta":{"footnotes":""},"class_list":["post-258","page","type-page","status-publish","hentry"],"_links":{"self":[{"href":"https:\/\/gs-herbertshofen.de\/wp\/index.php?rest_route=\/wp\/v2\/pages\/258","targetHints":{"allow":["GET"]}}],"collection":[{"href":"https:\/\/gs-herbertshofen.de\/wp\/index.php?rest_route=\/wp\/v2\/pages"}],"about":[{"href":"https:\/\/gs-herbertshofen.de\/wp\/index.php?rest_route=\/wp\/v2\/types\/page"}],"author":[{"embeddable":true,"href":"https:\/\/gs-herbertshofen.de\/wp\/index.php?rest_route=\/wp\/v2\/users\/2"}],"replies":[{"embeddable":true,"href":"https:\/\/gs-herbertshofen.de\/wp\/index.php?rest_route=%2Fwp%2Fv2%2Fcomments&post=258"}],"version-history":[{"count":6,"href":"https:\/\/gs-herbertshofen.de\/wp\/index.php?rest_route=\/wp\/v2\/pages\/258\/revisions"}],"predecessor-version":[{"id":481,"href":"https:\/\/gs-herbertshofen.de\/wp\/index.php?rest_route=\/wp\/v2\/pages\/258\/revisions\/481"}],"wp:attachment":[{"href":"https:\/\/gs-herbertshofen.de\/wp\/index.php?rest_route=%2Fwp%2Fv2%2Fmedia&parent=258"}],"curies":[{"name":"wp","href":"https:\/\/api.w.org\/{rel}","templated":true}]}}